{"id":561,"date":"2025-01-17T16:31:10","date_gmt":"2025-01-17T15:31:10","guid":{"rendered":"https:\/\/www.lahunelle.be\/blog\/?page_id=561"},"modified":"2025-09-11T17:56:15","modified_gmt":"2025-09-11T15:56:15","slug":"asimina-triloba-pawpaw","status":"publish","type":"page","link":"https:\/\/www.lahunelle.be\/blog\/catalogue\/asimina-triloba-pawpaw\/","title":{"rendered":"Asimina triloba &#8211; Pawpaw"},"content":{"rendered":"<div id=\"block-system-main\" class=\"block block-system\">\n<div class=\"content\">\n<div class=\"term-listing-heading\">\n<div id=\"taxonomy-term-8\" class=\"taxonomy-term vocabulary-categories\">\n<div class=\"content\">\n<div class=\"taxonomy-term-description\">\n<h1><span style=\"font-size: 24pt; color: #000000;\"><strong>Asimina triloba &#8211; Pawpaw<\/strong><\/span><\/h1>\n<p>Fruit ayant la consistance de la mangue et un go\u00fbt entre la mangue et la banane. Les pawpaw sont vendus en pot ou en racines nues<\/p>\n<table style=\"border-collapse: collapse; width: 100%;\">\n<tbody>\n<tr>\n<td style=\"width: 33.3333%;\"><span style=\"font-size: 10pt;\">Semis<\/span><\/td>\n<td style=\"width: 33.3333%;\"><span style=\"font-size: 10pt;\">25-40cm<\/span><\/td>\n<td style=\"width: 33.3333%;\"><span style=\"font-size: 10pt;\">22 \u20ac<\/span><\/td>\n<\/tr>\n<tr>\n<td style=\"width: 33.3333%;\"><span style=\"font-size: 10pt;\">Greff\u00e9 sur Asimina triloba de semis<\/span><\/td>\n<td style=\"width: 33.3333%;\"><span style=\"font-size: 10pt;\">25-40cm<\/span><\/td>\n<td style=\"width: 33.3333%;\"><span style=\"font-size: 10pt;\">36 \u20ac<\/span><\/td>\n<\/tr>\n<\/tbody>\n<\/table>\n<h2><span style=\"text-decoration: underline; font-size: 18pt; color: #000000;\"><em><strong>Les vari\u00e9t\u00e9s :\u00a0<\/strong><\/em><\/span><\/h2>\n<h3><strong><span style=\"font-size: 14pt;\"><a href=\"#asiminier\"><span style=\"color: #93bb60;\">Asiminier de semis<\/span><\/a><\/span><\/strong><\/h3>\n<p>&nbsp;<\/p>\n<\/div>\n<\/div>\n<\/div>\n<\/div>\n<\/div>\n<\/div>\n<div id=\"block-views-catalog-items-block\" class=\"block block-views\">\n<div class=\"content\">\n<div class=\"view view-catalog-items view-id-catalog_items view-display-id-block view-dom-id-8acadfa8267b1fbc33ff4f54b604b2c4\">\n<div class=\"view-content\">\n<div class=\"views-row views-row-1 views-row-odd views-row-first views-row-last\">\n<div class=\"views-field views-field-nothing\">\n<div id=\"row-221\" class=\"row\">\n<div class=\"col col-md-8 col-xs-12\">\n<h3><span style=\"font-size: 12pt;\"><a id=\"asiminier\"><\/a><strong><span style=\"color: #93bb60; font-size: 14pt;\">Asiminier de semis<\/span><\/strong><a href=\"https:\/\/www.lahunelle.be\/blog\/wp-content\/uploads\/2025\/01\/pawpaw.jpg\"><img loading=\"lazy\" decoding=\"async\" class=\"size-thumbnail wp-image-562 alignleft\" src=\"https:\/\/www.lahunelle.be\/blog\/wp-content\/uploads\/2025\/01\/pawpaw-150x150.jpg\" alt=\"\" width=\"150\" height=\"150\" srcset=\"https:\/\/www.lahunelle.be\/blog\/wp-content\/uploads\/2025\/01\/pawpaw-150x150.jpg 150w, https:\/\/www.lahunelle.be\/blog\/wp-content\/uploads\/2025\/01\/pawpaw-300x300.jpg 300w, https:\/\/www.lahunelle.be\/blog\/wp-content\/uploads\/2025\/01\/pawpaw.jpg 600w\" sizes=\"auto, (max-width: 150px) 100vw, 150px\" \/><\/a><\/span><\/h3>\n<div>\n<p>Ce pawpaw n&rsquo;est pas autofertile et demande la pr\u00e9sence d&rsquo;un second sujet de semis ou greff\u00e9.<br \/>\nLes pawpaw sont des arbustes originaires du Sud-Est des Etats-Unis. Il peut mesurer chez nous jusqu&rsquo;\u00e0 6 m de haut et 2m de large mais a une croissance lente. Il demande une ombre dans son jeune \u00e2ge et un arrosage tr\u00e8s fr\u00e9quent. Une fois que le plant a bien d\u00e9marr\u00e9 et atteint 1,5 &#8211; 2m, il se d\u00e9brouille seul.<br \/>\nLes fruits sont assez gros, arrivent \u00e0 maturit\u00e9 vers le mois de septembre. La peau est de couleur verte et la pulpe est cr\u00e9meuse et jaune clair. Les grosses graines \u00e0 l&rsquo;int\u00e9rieur ne se mangent pas. Le fruit se consomme cru ou transform\u00e9 en sorbet, compote. Il a un go\u00fbt entre celui de la mangue et de la banane.<\/p>\n<\/div>\n<\/div>\n<\/div>\n<\/div>\n<\/div>\n<\/div>\n<\/div>\n<\/div>\n<\/div>\n","protected":false},"excerpt":{"rendered":"<p>Asimina triloba &#8211; Pawpaw Fruit ayant la consistance de la mangue et un go\u00fbt entre la mangue et la banane. Les pawpaw sont vendus en pot ou en racines nues Semis 25-40cm 22 \u20ac Greff\u00e9 sur Asimina triloba de semis 25-40cm 36 \u20ac Les vari\u00e9t\u00e9s :\u00a0 Asiminier de semis &nbsp; [&hellip;]<\/p>\n","protected":false},"author":2,"featured_media":0,"parent":64,"menu_order":0,"comment_status":"closed","ping_status":"closed","template":"","meta":{"cybocfi_hide_featured_image":"","footnotes":""},"class_list":["post-561","page","type-page","status-publish","hentry"],"yoast_head":"<!-- This site is optimized with the Yoast SEO plugin v27.5 - https:\/\/yoast.com\/product\/yoast-seo-wordpress\/ -->\n<title>Asimina triloba - Pawpaw -<\/title>\n<meta name=\"robots\" content=\"index, follow, max-snippet:-1, max-image-preview:large, max-video-preview:-1\" \/>\n<link rel=\"canonical\" href=\"https:\/\/www.lahunelle.be\/blog\/catalogue\/asimina-triloba-pawpaw\/\" \/>\n<meta property=\"og:locale\" content=\"fr_FR\" \/>\n<meta property=\"og:type\" content=\"article\" \/>\n<meta property=\"og:title\" content=\"Asimina triloba - Pawpaw -\" \/>\n<meta property=\"og:description\" content=\"Asimina triloba &#8211; Pawpaw Fruit ayant la consistance de la mangue et un go\u00fbt entre la mangue et la banane. Les pawpaw sont vendus en pot ou en racines nues Semis 25-40cm 22 \u20ac Greff\u00e9 sur Asimina triloba de semis 25-40cm 36 \u20ac Les vari\u00e9t\u00e9s :\u00a0 Asiminier de semis &nbsp; [&hellip;]\" \/>\n<meta property=\"og:url\" content=\"https:\/\/www.lahunelle.be\/blog\/catalogue\/asimina-triloba-pawpaw\/\" \/>\n<meta property=\"article:publisher\" content=\"https:\/\/www.facebook.com\/pepinieresdelahunelle\" \/>\n<meta property=\"article:modified_time\" content=\"2025-09-11T15:56:15+00:00\" \/>\n<meta property=\"og:image\" content=\"https:\/\/www.lahunelle.be\/blog\/wp-content\/uploads\/2025\/01\/pawpaw.jpg\" \/>\n\t<meta property=\"og:image:width\" content=\"600\" \/>\n\t<meta property=\"og:image:height\" content=\"600\" \/>\n\t<meta property=\"og:image:type\" content=\"image\/jpeg\" \/>\n<meta name=\"twitter:card\" content=\"summary_large_image\" \/>\n<meta name=\"twitter:label1\" content=\"Dur\u00e9e de lecture estim\u00e9e\" \/>\n\t<meta name=\"twitter:data1\" content=\"2 minutes\" \/>\n<script type=\"application\/ld+json\" class=\"yoast-schema-graph\">{\"@context\":\"https:\\\/\\\/schema.org\",\"@graph\":[{\"@type\":\"WebPage\",\"@id\":\"https:\\\/\\\/www.lahunelle.be\\\/blog\\\/catalogue\\\/asimina-triloba-pawpaw\\\/\",\"url\":\"https:\\\/\\\/www.lahunelle.be\\\/blog\\\/catalogue\\\/asimina-triloba-pawpaw\\\/\",\"name\":\"Asimina triloba - Pawpaw -\",\"isPartOf\":{\"@id\":\"https:\\\/\\\/www.lahunelle.be\\\/blog\\\/#website\"},\"primaryImageOfPage\":{\"@id\":\"https:\\\/\\\/www.lahunelle.be\\\/blog\\\/catalogue\\\/asimina-triloba-pawpaw\\\/#primaryimage\"},\"image\":{\"@id\":\"https:\\\/\\\/www.lahunelle.be\\\/blog\\\/catalogue\\\/asimina-triloba-pawpaw\\\/#primaryimage\"},\"thumbnailUrl\":\"https:\\\/\\\/www.lahunelle.be\\\/blog\\\/wp-content\\\/uploads\\\/2025\\\/01\\\/pawpaw-150x150.jpg\",\"datePublished\":\"2025-01-17T15:31:10+00:00\",\"dateModified\":\"2025-09-11T15:56:15+00:00\",\"breadcrumb\":{\"@id\":\"https:\\\/\\\/www.lahunelle.be\\\/blog\\\/catalogue\\\/asimina-triloba-pawpaw\\\/#breadcrumb\"},\"inLanguage\":\"fr-FR\",\"potentialAction\":[{\"@type\":\"ReadAction\",\"target\":[\"https:\\\/\\\/www.lahunelle.be\\\/blog\\\/catalogue\\\/asimina-triloba-pawpaw\\\/\"]}]},{\"@type\":\"ImageObject\",\"inLanguage\":\"fr-FR\",\"@id\":\"https:\\\/\\\/www.lahunelle.be\\\/blog\\\/catalogue\\\/asimina-triloba-pawpaw\\\/#primaryimage\",\"url\":\"https:\\\/\\\/www.lahunelle.be\\\/blog\\\/wp-content\\\/uploads\\\/2025\\\/01\\\/pawpaw.jpg\",\"contentUrl\":\"https:\\\/\\\/www.lahunelle.be\\\/blog\\\/wp-content\\\/uploads\\\/2025\\\/01\\\/pawpaw.jpg\",\"width\":600,\"height\":600},{\"@type\":\"BreadcrumbList\",\"@id\":\"https:\\\/\\\/www.lahunelle.be\\\/blog\\\/catalogue\\\/asimina-triloba-pawpaw\\\/#breadcrumb\",\"itemListElement\":[{\"@type\":\"ListItem\",\"position\":1,\"name\":\"Accueil\",\"item\":\"https:\\\/\\\/www.lahunelle.be\\\/blog\\\/\"},{\"@type\":\"ListItem\",\"position\":2,\"name\":\"Notre boutique\",\"item\":\"https:\\\/\\\/www.lahunelle.be\\\/blog\\\/catalogue\\\/\"},{\"@type\":\"ListItem\",\"position\":3,\"name\":\"Asimina triloba &#8211; Pawpaw\"}]},{\"@type\":\"WebSite\",\"@id\":\"https:\\\/\\\/www.lahunelle.be\\\/blog\\\/#website\",\"url\":\"https:\\\/\\\/www.lahunelle.be\\\/blog\\\/\",\"name\":\"P\u00e9pini\u00e8res de la Hunelle\",\"description\":\"\",\"publisher\":{\"@id\":\"https:\\\/\\\/www.lahunelle.be\\\/blog\\\/#organization\"},\"potentialAction\":[{\"@type\":\"SearchAction\",\"target\":{\"@type\":\"EntryPoint\",\"urlTemplate\":\"https:\\\/\\\/www.lahunelle.be\\\/blog\\\/?s={search_term_string}\"},\"query-input\":{\"@type\":\"PropertyValueSpecification\",\"valueRequired\":true,\"valueName\":\"search_term_string\"}}],\"inLanguage\":\"fr-FR\"},{\"@type\":\"Organization\",\"@id\":\"https:\\\/\\\/www.lahunelle.be\\\/blog\\\/#organization\",\"name\":\"P\u00e9pini\u00e8res de la Hunelle\",\"url\":\"https:\\\/\\\/www.lahunelle.be\\\/blog\\\/\",\"logo\":{\"@type\":\"ImageObject\",\"inLanguage\":\"fr-FR\",\"@id\":\"https:\\\/\\\/www.lahunelle.be\\\/blog\\\/#\\\/schema\\\/logo\\\/image\\\/\",\"url\":\"https:\\\/\\\/www.lahunelle.be\\\/blog\\\/wp-content\\\/uploads\\\/2025\\\/07\\\/cropped-301136954_474459848024201_7287258234809584263_n.jpg\",\"contentUrl\":\"https:\\\/\\\/www.lahunelle.be\\\/blog\\\/wp-content\\\/uploads\\\/2025\\\/07\\\/cropped-301136954_474459848024201_7287258234809584263_n.jpg\",\"width\":617,\"height\":621,\"caption\":\"P\u00e9pini\u00e8res de la Hunelle\"},\"image\":{\"@id\":\"https:\\\/\\\/www.lahunelle.be\\\/blog\\\/#\\\/schema\\\/logo\\\/image\\\/\"},\"sameAs\":[\"https:\\\/\\\/www.facebook.com\\\/pepinieresdelahunelle\",\"https:\\\/\\\/www.instagram.com\\\/pepinieresdelahunelle\\\/\"]}]}<\/script>\n<!-- \/ Yoast SEO plugin. -->","yoast_head_json":{"title":"Asimina triloba - Pawpaw -","robots":{"index":"index","follow":"follow","max-snippet":"max-snippet:-1","max-image-preview":"max-image-preview:large","max-video-preview":"max-video-preview:-1"},"canonical":"https:\/\/www.lahunelle.be\/blog\/catalogue\/asimina-triloba-pawpaw\/","og_locale":"fr_FR","og_type":"article","og_title":"Asimina triloba - Pawpaw -","og_description":"Asimina triloba &#8211; Pawpaw Fruit ayant la consistance de la mangue et un go\u00fbt entre la mangue et la banane. Les pawpaw sont vendus en pot ou en racines nues Semis 25-40cm 22 \u20ac Greff\u00e9 sur Asimina triloba de semis 25-40cm 36 \u20ac Les vari\u00e9t\u00e9s :\u00a0 Asiminier de semis &nbsp; [&hellip;]","og_url":"https:\/\/www.lahunelle.be\/blog\/catalogue\/asimina-triloba-pawpaw\/","article_publisher":"https:\/\/www.facebook.com\/pepinieresdelahunelle","article_modified_time":"2025-09-11T15:56:15+00:00","og_image":[{"width":600,"height":600,"url":"https:\/\/www.lahunelle.be\/blog\/wp-content\/uploads\/2025\/01\/pawpaw.jpg","type":"image\/jpeg"}],"twitter_card":"summary_large_image","twitter_misc":{"Dur\u00e9e de lecture estim\u00e9e":"2 minutes"},"schema":{"@context":"https:\/\/schema.org","@graph":[{"@type":"WebPage","@id":"https:\/\/www.lahunelle.be\/blog\/catalogue\/asimina-triloba-pawpaw\/","url":"https:\/\/www.lahunelle.be\/blog\/catalogue\/asimina-triloba-pawpaw\/","name":"Asimina triloba - Pawpaw -","isPartOf":{"@id":"https:\/\/www.lahunelle.be\/blog\/#website"},"primaryImageOfPage":{"@id":"https:\/\/www.lahunelle.be\/blog\/catalogue\/asimina-triloba-pawpaw\/#primaryimage"},"image":{"@id":"https:\/\/www.lahunelle.be\/blog\/catalogue\/asimina-triloba-pawpaw\/#primaryimage"},"thumbnailUrl":"https:\/\/www.lahunelle.be\/blog\/wp-content\/uploads\/2025\/01\/pawpaw-150x150.jpg","datePublished":"2025-01-17T15:31:10+00:00","dateModified":"2025-09-11T15:56:15+00:00","breadcrumb":{"@id":"https:\/\/www.lahunelle.be\/blog\/catalogue\/asimina-triloba-pawpaw\/#breadcrumb"},"inLanguage":"fr-FR","potentialAction":[{"@type":"ReadAction","target":["https:\/\/www.lahunelle.be\/blog\/catalogue\/asimina-triloba-pawpaw\/"]}]},{"@type":"ImageObject","inLanguage":"fr-FR","@id":"https:\/\/www.lahunelle.be\/blog\/catalogue\/asimina-triloba-pawpaw\/#primaryimage","url":"https:\/\/www.lahunelle.be\/blog\/wp-content\/uploads\/2025\/01\/pawpaw.jpg","contentUrl":"https:\/\/www.lahunelle.be\/blog\/wp-content\/uploads\/2025\/01\/pawpaw.jpg","width":600,"height":600},{"@type":"BreadcrumbList","@id":"https:\/\/www.lahunelle.be\/blog\/catalogue\/asimina-triloba-pawpaw\/#breadcrumb","itemListElement":[{"@type":"ListItem","position":1,"name":"Accueil","item":"https:\/\/www.lahunelle.be\/blog\/"},{"@type":"ListItem","position":2,"name":"Notre boutique","item":"https:\/\/www.lahunelle.be\/blog\/catalogue\/"},{"@type":"ListItem","position":3,"name":"Asimina triloba &#8211; Pawpaw"}]},{"@type":"WebSite","@id":"https:\/\/www.lahunelle.be\/blog\/#website","url":"https:\/\/www.lahunelle.be\/blog\/","name":"P\u00e9pini\u00e8res de la Hunelle","description":"","publisher":{"@id":"https:\/\/www.lahunelle.be\/blog\/#organization"},"potentialAction":[{"@type":"SearchAction","target":{"@type":"EntryPoint","urlTemplate":"https:\/\/www.lahunelle.be\/blog\/?s={search_term_string}"},"query-input":{"@type":"PropertyValueSpecification","valueRequired":true,"valueName":"search_term_string"}}],"inLanguage":"fr-FR"},{"@type":"Organization","@id":"https:\/\/www.lahunelle.be\/blog\/#organization","name":"P\u00e9pini\u00e8res de la Hunelle","url":"https:\/\/www.lahunelle.be\/blog\/","logo":{"@type":"ImageObject","inLanguage":"fr-FR","@id":"https:\/\/www.lahunelle.be\/blog\/#\/schema\/logo\/image\/","url":"https:\/\/www.lahunelle.be\/blog\/wp-content\/uploads\/2025\/07\/cropped-301136954_474459848024201_7287258234809584263_n.jpg","contentUrl":"https:\/\/www.lahunelle.be\/blog\/wp-content\/uploads\/2025\/07\/cropped-301136954_474459848024201_7287258234809584263_n.jpg","width":617,"height":621,"caption":"P\u00e9pini\u00e8res de la Hunelle"},"image":{"@id":"https:\/\/www.lahunelle.be\/blog\/#\/schema\/logo\/image\/"},"sameAs":["https:\/\/www.facebook.com\/pepinieresdelahunelle","https:\/\/www.instagram.com\/pepinieresdelahunelle\/"]}]}},"_links":{"self":[{"href":"https:\/\/www.lahunelle.be\/blog\/wp-json\/wp\/v2\/pages\/561","targetHints":{"allow":["GET"]}}],"collection":[{"href":"https:\/\/www.lahunelle.be\/blog\/wp-json\/wp\/v2\/pages"}],"about":[{"href":"https:\/\/www.lahunelle.be\/blog\/wp-json\/wp\/v2\/types\/page"}],"author":[{"embeddable":true,"href":"https:\/\/www.lahunelle.be\/blog\/wp-json\/wp\/v2\/users\/2"}],"replies":[{"embeddable":true,"href":"https:\/\/www.lahunelle.be\/blog\/wp-json\/wp\/v2\/comments?post=561"}],"version-history":[{"count":10,"href":"https:\/\/www.lahunelle.be\/blog\/wp-json\/wp\/v2\/pages\/561\/revisions"}],"predecessor-version":[{"id":1381,"href":"https:\/\/www.lahunelle.be\/blog\/wp-json\/wp\/v2\/pages\/561\/revisions\/1381"}],"up":[{"embeddable":true,"href":"https:\/\/www.lahunelle.be\/blog\/wp-json\/wp\/v2\/pages\/64"}],"wp:attachment":[{"href":"https:\/\/www.lahunelle.be\/blog\/wp-json\/wp\/v2\/media?parent=561"}],"curies":[{"name":"wp","href":"https:\/\/api.w.org\/{rel}","templated":true}]}}