{"id":672,"date":"2025-01-20T23:17:39","date_gmt":"2025-01-20T22:17:39","guid":{"rendered":"https:\/\/www.lahunelle.be\/blog\/?page_id=672"},"modified":"2025-08-19T16:31:07","modified_gmt":"2025-08-19T14:31:07","slug":"groseillier-a-grappe","status":"publish","type":"page","link":"https:\/\/www.lahunelle.be\/blog\/catalogue\/groseillier-a-grappe\/","title":{"rendered":"Groseillier \u00e0 grappe"},"content":{"rendered":"<p><span style=\"font-size: 24pt; color: #294d73;\"><strong>Groseillier \u00e0 grappe<\/strong><\/span><\/p>\n<p>Les groseilliers sont vendus en racines nues.<\/p>\n<table style=\"border-collapse: collapse; width: 100%;\">\n<tbody>\n<tr>\n<td style=\"width: 50%;\">Racines nues<\/td>\n<td style=\"width: 50%;\">3,5 \u20ac<\/td>\n<\/tr>\n<\/tbody>\n<\/table>\n<p><span style=\"text-decoration: underline; font-size: 18pt; color: #208eb1;\"><em><strong>Les vari\u00e9t\u00e9s :\u00a0<\/strong><\/em><\/span><\/p>\n<p><strong><span style=\"color: #93bb60; font-size: 14pt;\"><a style=\"color: #93bb60;\" href=\"#gloiredessablons\">Gloire des Sablons<\/a> &#8211; <a style=\"color: #93bb60;\" href=\"#jonkheer\">Jonkheer Van Tets<\/a> &#8211; <a style=\"color: #93bb60;\" href=\"#perle blanche\">Perle blanche<\/a> &#8211; <a style=\"color: #93bb60;\" href=\"#pinkchampagne\">Pink Champagne<\/a> &#8211; <a style=\"color: #93bb60;\" href=\"#rovada\">Rovada<\/a> &#8211; <a style=\"color: #93bb60;\" href=\"#versaillaiseblanche\">Versaillaise blanche<\/a><\/span><\/strong><\/p>\n<p><a id=\"gloiredessablons\"><\/a><strong><span style=\"color: #93bb60; font-size: 14pt;\">Gloire des Sablons<\/span><\/strong><br \/>\nFruits de couleur rose. Les grappes sont assez longues. Les fruits sont sucr\u00e9s et parfum\u00e9s.<br \/>\nMaturit\u00e9 : mi-juillet<\/p>\n<p><span style=\"color: #93bb60; font-size: 14pt;\"><a id=\"jonkheer\"><\/a><strong>Jonkheer Van Tets<\/strong><\/span><br \/>\nLongues grappes \u00e0 gros grains rouge fon\u00e7\u00e9, acidul\u00e9, h\u00e2tif<\/p>\n<p><a id=\"perleblanche\"><\/a><span style=\"font-size: 14pt;\"><strong><span style=\"color: #93bb60;\">Perle blanche<\/span><\/strong><\/span><br \/>\nPetite grappe aux baies sucr\u00e9es, m\u00fbres la premi\u00e8re moiti\u00e9 de juillet<\/p>\n<p><span style=\"color: #93bb60;\"><a id=\"pinkchampagne\"><\/a><strong><span style=\"font-size: 14pt;\">Pink Champagne<\/span><\/strong><\/span><br \/>\nFruit rose nacr\u00e9. Vieille vari\u00e9t\u00e9 tr\u00e8s rustique.<br \/>\nLes fruits sont sucr\u00e9s et parfum\u00e9s. Les grappes sont de logueur moyenne.<br \/>\nMaturit\u00e9 : mi-juillet<\/p>\n<p><span style=\"color: #93bb60;\"><a id=\"rovada\"><\/a><strong><span style=\"font-size: 14pt;\">Rovada<\/span><\/strong><\/span><br \/>\nTr\u00e8s longues grappes, fruits rouges brillants, ne souffre pas beaucoup de la pluie, tardif.<\/p>\n<p><span style=\"color: #93bb60;\"><a id=\"versaillaiseblanche\"><\/a><span style=\"font-size: 14pt;\"><strong>Versaillaise blanche<\/strong><\/span><\/span><br \/>\nLongues grappes de petites baies, acidul\u00e9es, m\u00fbres la premi\u00e8re moiti\u00e9 de juillet.<\/p>\n","protected":false},"excerpt":{"rendered":"<p>Groseillier \u00e0 grappe Les groseilliers sont vendus en racines nues. Racines nues 3,5 \u20ac Les vari\u00e9t\u00e9s :\u00a0 Gloire des Sablons &#8211; Jonkheer Van Tets &#8211; Perle blanche &#8211; Pink Champagne &#8211; Rovada &#8211; Versaillaise blanche Gloire des Sablons Fruits de couleur rose. Les grappes sont assez longues. Les fruits sont [&hellip;]<\/p>\n","protected":false},"author":2,"featured_media":0,"parent":64,"menu_order":0,"comment_status":"closed","ping_status":"closed","template":"","meta":{"cybocfi_hide_featured_image":"","footnotes":""},"class_list":["post-672","page","type-page","status-publish","hentry"],"yoast_head":"<!-- This site is optimized with the Yoast SEO plugin v27.3 - https:\/\/yoast.com\/product\/yoast-seo-wordpress\/ -->\n<title>Groseillier \u00e0 grappe -<\/title>\n<meta name=\"robots\" content=\"index, follow, max-snippet:-1, max-image-preview:large, max-video-preview:-1\" \/>\n<link rel=\"canonical\" href=\"https:\/\/www.lahunelle.be\/blog\/catalogue\/groseillier-a-grappe\/\" \/>\n<meta property=\"og:locale\" content=\"fr_FR\" \/>\n<meta property=\"og:type\" content=\"article\" \/>\n<meta property=\"og:title\" content=\"Groseillier \u00e0 grappe -\" \/>\n<meta property=\"og:description\" content=\"Groseillier \u00e0 grappe Les groseilliers sont vendus en racines nues. Racines nues 3,5 \u20ac Les vari\u00e9t\u00e9s :\u00a0 Gloire des Sablons &#8211; Jonkheer Van Tets &#8211; Perle blanche &#8211; Pink Champagne &#8211; Rovada &#8211; Versaillaise blanche Gloire des Sablons Fruits de couleur rose. Les grappes sont assez longues. Les fruits sont [&hellip;]\" \/>\n<meta property=\"og:url\" content=\"https:\/\/www.lahunelle.be\/blog\/catalogue\/groseillier-a-grappe\/\" \/>\n<meta property=\"article:publisher\" content=\"https:\/\/www.facebook.com\/pepinieresdelahunelle\" \/>\n<meta property=\"article:modified_time\" content=\"2025-08-19T14:31:07+00:00\" \/>\n<meta name=\"twitter:card\" content=\"summary_large_image\" \/>\n<meta name=\"twitter:label1\" content=\"Dur\u00e9e de lecture estim\u00e9e\" \/>\n\t<meta name=\"twitter:data1\" content=\"1 minute\" \/>\n<script type=\"application\/ld+json\" class=\"yoast-schema-graph\">{\"@context\":\"https:\\\/\\\/schema.org\",\"@graph\":[{\"@type\":\"WebPage\",\"@id\":\"https:\\\/\\\/www.lahunelle.be\\\/blog\\\/catalogue\\\/groseillier-a-grappe\\\/\",\"url\":\"https:\\\/\\\/www.lahunelle.be\\\/blog\\\/catalogue\\\/groseillier-a-grappe\\\/\",\"name\":\"Groseillier \u00e0 grappe -\",\"isPartOf\":{\"@id\":\"https:\\\/\\\/www.lahunelle.be\\\/blog\\\/#website\"},\"datePublished\":\"2025-01-20T22:17:39+00:00\",\"dateModified\":\"2025-08-19T14:31:07+00:00\",\"breadcrumb\":{\"@id\":\"https:\\\/\\\/www.lahunelle.be\\\/blog\\\/catalogue\\\/groseillier-a-grappe\\\/#breadcrumb\"},\"inLanguage\":\"fr-FR\",\"potentialAction\":[{\"@type\":\"ReadAction\",\"target\":[\"https:\\\/\\\/www.lahunelle.be\\\/blog\\\/catalogue\\\/groseillier-a-grappe\\\/\"]}]},{\"@type\":\"BreadcrumbList\",\"@id\":\"https:\\\/\\\/www.lahunelle.be\\\/blog\\\/catalogue\\\/groseillier-a-grappe\\\/#breadcrumb\",\"itemListElement\":[{\"@type\":\"ListItem\",\"position\":1,\"name\":\"Accueil\",\"item\":\"https:\\\/\\\/www.lahunelle.be\\\/blog\\\/\"},{\"@type\":\"ListItem\",\"position\":2,\"name\":\"Notre boutique\",\"item\":\"https:\\\/\\\/www.lahunelle.be\\\/blog\\\/catalogue\\\/\"},{\"@type\":\"ListItem\",\"position\":3,\"name\":\"Groseillier \u00e0 grappe\"}]},{\"@type\":\"WebSite\",\"@id\":\"https:\\\/\\\/www.lahunelle.be\\\/blog\\\/#website\",\"url\":\"https:\\\/\\\/www.lahunelle.be\\\/blog\\\/\",\"name\":\"P\u00e9pini\u00e8res de la Hunelle\",\"description\":\"\",\"publisher\":{\"@id\":\"https:\\\/\\\/www.lahunelle.be\\\/blog\\\/#organization\"},\"potentialAction\":[{\"@type\":\"SearchAction\",\"target\":{\"@type\":\"EntryPoint\",\"urlTemplate\":\"https:\\\/\\\/www.lahunelle.be\\\/blog\\\/?s={search_term_string}\"},\"query-input\":{\"@type\":\"PropertyValueSpecification\",\"valueRequired\":true,\"valueName\":\"search_term_string\"}}],\"inLanguage\":\"fr-FR\"},{\"@type\":\"Organization\",\"@id\":\"https:\\\/\\\/www.lahunelle.be\\\/blog\\\/#organization\",\"name\":\"P\u00e9pini\u00e8res de la Hunelle\",\"url\":\"https:\\\/\\\/www.lahunelle.be\\\/blog\\\/\",\"logo\":{\"@type\":\"ImageObject\",\"inLanguage\":\"fr-FR\",\"@id\":\"https:\\\/\\\/www.lahunelle.be\\\/blog\\\/#\\\/schema\\\/logo\\\/image\\\/\",\"url\":\"https:\\\/\\\/www.lahunelle.be\\\/blog\\\/wp-content\\\/uploads\\\/2025\\\/07\\\/cropped-301136954_474459848024201_7287258234809584263_n.jpg\",\"contentUrl\":\"https:\\\/\\\/www.lahunelle.be\\\/blog\\\/wp-content\\\/uploads\\\/2025\\\/07\\\/cropped-301136954_474459848024201_7287258234809584263_n.jpg\",\"width\":617,\"height\":621,\"caption\":\"P\u00e9pini\u00e8res de la Hunelle\"},\"image\":{\"@id\":\"https:\\\/\\\/www.lahunelle.be\\\/blog\\\/#\\\/schema\\\/logo\\\/image\\\/\"},\"sameAs\":[\"https:\\\/\\\/www.facebook.com\\\/pepinieresdelahunelle\",\"https:\\\/\\\/www.instagram.com\\\/pepinieresdelahunelle\\\/\"]}]}<\/script>\n<!-- \/ Yoast SEO plugin. -->","yoast_head_json":{"title":"Groseillier \u00e0 grappe -","robots":{"index":"index","follow":"follow","max-snippet":"max-snippet:-1","max-image-preview":"max-image-preview:large","max-video-preview":"max-video-preview:-1"},"canonical":"https:\/\/www.lahunelle.be\/blog\/catalogue\/groseillier-a-grappe\/","og_locale":"fr_FR","og_type":"article","og_title":"Groseillier \u00e0 grappe -","og_description":"Groseillier \u00e0 grappe Les groseilliers sont vendus en racines nues. Racines nues 3,5 \u20ac Les vari\u00e9t\u00e9s :\u00a0 Gloire des Sablons &#8211; Jonkheer Van Tets &#8211; Perle blanche &#8211; Pink Champagne &#8211; Rovada &#8211; Versaillaise blanche Gloire des Sablons Fruits de couleur rose. Les grappes sont assez longues. Les fruits sont [&hellip;]","og_url":"https:\/\/www.lahunelle.be\/blog\/catalogue\/groseillier-a-grappe\/","article_publisher":"https:\/\/www.facebook.com\/pepinieresdelahunelle","article_modified_time":"2025-08-19T14:31:07+00:00","twitter_card":"summary_large_image","twitter_misc":{"Dur\u00e9e de lecture estim\u00e9e":"1 minute"},"schema":{"@context":"https:\/\/schema.org","@graph":[{"@type":"WebPage","@id":"https:\/\/www.lahunelle.be\/blog\/catalogue\/groseillier-a-grappe\/","url":"https:\/\/www.lahunelle.be\/blog\/catalogue\/groseillier-a-grappe\/","name":"Groseillier \u00e0 grappe -","isPartOf":{"@id":"https:\/\/www.lahunelle.be\/blog\/#website"},"datePublished":"2025-01-20T22:17:39+00:00","dateModified":"2025-08-19T14:31:07+00:00","breadcrumb":{"@id":"https:\/\/www.lahunelle.be\/blog\/catalogue\/groseillier-a-grappe\/#breadcrumb"},"inLanguage":"fr-FR","potentialAction":[{"@type":"ReadAction","target":["https:\/\/www.lahunelle.be\/blog\/catalogue\/groseillier-a-grappe\/"]}]},{"@type":"BreadcrumbList","@id":"https:\/\/www.lahunelle.be\/blog\/catalogue\/groseillier-a-grappe\/#breadcrumb","itemListElement":[{"@type":"ListItem","position":1,"name":"Accueil","item":"https:\/\/www.lahunelle.be\/blog\/"},{"@type":"ListItem","position":2,"name":"Notre boutique","item":"https:\/\/www.lahunelle.be\/blog\/catalogue\/"},{"@type":"ListItem","position":3,"name":"Groseillier \u00e0 grappe"}]},{"@type":"WebSite","@id":"https:\/\/www.lahunelle.be\/blog\/#website","url":"https:\/\/www.lahunelle.be\/blog\/","name":"P\u00e9pini\u00e8res de la Hunelle","description":"","publisher":{"@id":"https:\/\/www.lahunelle.be\/blog\/#organization"},"potentialAction":[{"@type":"SearchAction","target":{"@type":"EntryPoint","urlTemplate":"https:\/\/www.lahunelle.be\/blog\/?s={search_term_string}"},"query-input":{"@type":"PropertyValueSpecification","valueRequired":true,"valueName":"search_term_string"}}],"inLanguage":"fr-FR"},{"@type":"Organization","@id":"https:\/\/www.lahunelle.be\/blog\/#organization","name":"P\u00e9pini\u00e8res de la Hunelle","url":"https:\/\/www.lahunelle.be\/blog\/","logo":{"@type":"ImageObject","inLanguage":"fr-FR","@id":"https:\/\/www.lahunelle.be\/blog\/#\/schema\/logo\/image\/","url":"https:\/\/www.lahunelle.be\/blog\/wp-content\/uploads\/2025\/07\/cropped-301136954_474459848024201_7287258234809584263_n.jpg","contentUrl":"https:\/\/www.lahunelle.be\/blog\/wp-content\/uploads\/2025\/07\/cropped-301136954_474459848024201_7287258234809584263_n.jpg","width":617,"height":621,"caption":"P\u00e9pini\u00e8res de la Hunelle"},"image":{"@id":"https:\/\/www.lahunelle.be\/blog\/#\/schema\/logo\/image\/"},"sameAs":["https:\/\/www.facebook.com\/pepinieresdelahunelle","https:\/\/www.instagram.com\/pepinieresdelahunelle\/"]}]}},"_links":{"self":[{"href":"https:\/\/www.lahunelle.be\/blog\/wp-json\/wp\/v2\/pages\/672","targetHints":{"allow":["GET"]}}],"collection":[{"href":"https:\/\/www.lahunelle.be\/blog\/wp-json\/wp\/v2\/pages"}],"about":[{"href":"https:\/\/www.lahunelle.be\/blog\/wp-json\/wp\/v2\/types\/page"}],"author":[{"embeddable":true,"href":"https:\/\/www.lahunelle.be\/blog\/wp-json\/wp\/v2\/users\/2"}],"replies":[{"embeddable":true,"href":"https:\/\/www.lahunelle.be\/blog\/wp-json\/wp\/v2\/comments?post=672"}],"version-history":[{"count":5,"href":"https:\/\/www.lahunelle.be\/blog\/wp-json\/wp\/v2\/pages\/672\/revisions"}],"predecessor-version":[{"id":1294,"href":"https:\/\/www.lahunelle.be\/blog\/wp-json\/wp\/v2\/pages\/672\/revisions\/1294"}],"up":[{"embeddable":true,"href":"https:\/\/www.lahunelle.be\/blog\/wp-json\/wp\/v2\/pages\/64"}],"wp:attachment":[{"href":"https:\/\/www.lahunelle.be\/blog\/wp-json\/wp\/v2\/media?parent=672"}],"curies":[{"name":"wp","href":"https:\/\/api.w.org\/{rel}","templated":true}]}}