{"id":754,"date":"2025-01-21T21:34:33","date_gmt":"2025-01-21T20:34:33","guid":{"rendered":"https:\/\/www.lahunelle.be\/blog\/?page_id=754"},"modified":"2025-08-19T16:38:09","modified_gmt":"2025-08-19T14:38:09","slug":"noyer","status":"publish","type":"page","link":"https:\/\/www.lahunelle.be\/blog\/catalogue\/noyer\/","title":{"rendered":"Noyer"},"content":{"rendered":"<p><span style=\"font-size: 24pt; color: #294d73;\"><strong>Noyer<\/strong><\/span><\/p>\n<p>Les noyers sont vendus en racines nues.<\/p>\n<table style=\"border-collapse: collapse; width: 100%;\">\n<tbody>\n<tr>\n<td style=\"width: 50%;\">150 &#8211; 200 cm<\/td>\n<td style=\"width: 50%;\">33 \u20ac<\/td>\n<\/tr>\n<tr>\n<td style=\"width: 50%;\">200 &#8211; 250 cm<\/td>\n<td style=\"width: 50%;\">50 \u20ac<\/td>\n<\/tr>\n<\/tbody>\n<\/table>\n<p><span style=\"text-decoration: underline; font-size: 18pt; color: #208eb1;\"><em><strong>Les vari\u00e9t\u00e9s :<\/strong><\/em><\/span><\/p>\n<p><span style=\"color: #93bb60;\"><a style=\"color: #93bb60;\" href=\"#semis\"><span style=\"font-size: 14pt;\"><strong>Noyer de semis<\/strong><\/span><\/a><\/span><\/p>\n<p><a href=\"https:\/\/www.lahunelle.be\/blog\/wp-content\/uploads\/2025\/01\/semis-rotated.jpg\"><img loading=\"lazy\" decoding=\"async\" class=\"alignleft size-thumbnail wp-image-755\" src=\"https:\/\/www.lahunelle.be\/blog\/wp-content\/uploads\/2025\/01\/semis-150x150.jpg\" alt=\"\" width=\"150\" height=\"150\" srcset=\"https:\/\/www.lahunelle.be\/blog\/wp-content\/uploads\/2025\/01\/semis-150x150.jpg 150w, https:\/\/www.lahunelle.be\/blog\/wp-content\/uploads\/2025\/01\/semis-300x300.jpg 300w, https:\/\/www.lahunelle.be\/blog\/wp-content\/uploads\/2025\/01\/semis-rotated.jpg 600w\" sizes=\"auto, (max-width: 150px) 100vw, 150px\" \/><\/a><span style=\"font-size: 14pt; color: #93bb60;\"><strong><a id=\"semis\"><\/a>Noyer de semis<\/strong><\/span><br \/>\nLes noyers sont des arbres \u00e0 croissance rapide pouvant atteindre 20 \u00e0 25 m. Les fruits sont m\u00fbrs \u00e0 l&rsquo;automne.<\/p>\n","protected":false},"excerpt":{"rendered":"<p>Noyer Les noyers sont vendus en racines nues. 150 &#8211; 200 cm 33 \u20ac 200 &#8211; 250 cm 50 \u20ac Les vari\u00e9t\u00e9s : Noyer de semis Noyer de semis Les noyers sont des arbres \u00e0 croissance rapide pouvant atteindre 20 \u00e0 25 m. Les fruits sont m\u00fbrs \u00e0 l&rsquo;automne.<\/p>\n","protected":false},"author":2,"featured_media":0,"parent":64,"menu_order":0,"comment_status":"closed","ping_status":"closed","template":"","meta":{"cybocfi_hide_featured_image":"","footnotes":""},"class_list":["post-754","page","type-page","status-publish","hentry"],"yoast_head":"<!-- This site is optimized with the Yoast SEO plugin v27.3 - https:\/\/yoast.com\/product\/yoast-seo-wordpress\/ -->\n<title>Noyer -<\/title>\n<meta name=\"robots\" content=\"index, follow, max-snippet:-1, max-image-preview:large, max-video-preview:-1\" \/>\n<link rel=\"canonical\" href=\"https:\/\/www.lahunelle.be\/blog\/catalogue\/noyer\/\" \/>\n<meta property=\"og:locale\" content=\"fr_FR\" \/>\n<meta property=\"og:type\" content=\"article\" \/>\n<meta property=\"og:title\" content=\"Noyer -\" \/>\n<meta property=\"og:description\" content=\"Noyer Les noyers sont vendus en racines nues. 150 &#8211; 200 cm 33 \u20ac 200 &#8211; 250 cm 50 \u20ac Les vari\u00e9t\u00e9s : Noyer de semis Noyer de semis Les noyers sont des arbres \u00e0 croissance rapide pouvant atteindre 20 \u00e0 25 m. Les fruits sont m\u00fbrs \u00e0 l&rsquo;automne.\" \/>\n<meta property=\"og:url\" content=\"https:\/\/www.lahunelle.be\/blog\/catalogue\/noyer\/\" \/>\n<meta property=\"article:publisher\" content=\"https:\/\/www.facebook.com\/pepinieresdelahunelle\" \/>\n<meta property=\"article:modified_time\" content=\"2025-08-19T14:38:09+00:00\" \/>\n<meta property=\"og:image\" content=\"https:\/\/www.lahunelle.be\/blog\/wp-content\/uploads\/2025\/01\/semis-rotated.jpg\" \/>\n\t<meta property=\"og:image:width\" content=\"600\" \/>\n\t<meta property=\"og:image:height\" content=\"600\" \/>\n\t<meta property=\"og:image:type\" content=\"image\/jpeg\" \/>\n<meta name=\"twitter:card\" content=\"summary_large_image\" \/>\n<meta name=\"twitter:label1\" content=\"Dur\u00e9e de lecture estim\u00e9e\" \/>\n\t<meta name=\"twitter:data1\" content=\"1 minute\" \/>\n<script type=\"application\/ld+json\" class=\"yoast-schema-graph\">{\"@context\":\"https:\\\/\\\/schema.org\",\"@graph\":[{\"@type\":\"WebPage\",\"@id\":\"https:\\\/\\\/www.lahunelle.be\\\/blog\\\/catalogue\\\/noyer\\\/\",\"url\":\"https:\\\/\\\/www.lahunelle.be\\\/blog\\\/catalogue\\\/noyer\\\/\",\"name\":\"Noyer -\",\"isPartOf\":{\"@id\":\"https:\\\/\\\/www.lahunelle.be\\\/blog\\\/#website\"},\"primaryImageOfPage\":{\"@id\":\"https:\\\/\\\/www.lahunelle.be\\\/blog\\\/catalogue\\\/noyer\\\/#primaryimage\"},\"image\":{\"@id\":\"https:\\\/\\\/www.lahunelle.be\\\/blog\\\/catalogue\\\/noyer\\\/#primaryimage\"},\"thumbnailUrl\":\"https:\\\/\\\/www.lahunelle.be\\\/blog\\\/wp-content\\\/uploads\\\/2025\\\/01\\\/semis-150x150.jpg\",\"datePublished\":\"2025-01-21T20:34:33+00:00\",\"dateModified\":\"2025-08-19T14:38:09+00:00\",\"breadcrumb\":{\"@id\":\"https:\\\/\\\/www.lahunelle.be\\\/blog\\\/catalogue\\\/noyer\\\/#breadcrumb\"},\"inLanguage\":\"fr-FR\",\"potentialAction\":[{\"@type\":\"ReadAction\",\"target\":[\"https:\\\/\\\/www.lahunelle.be\\\/blog\\\/catalogue\\\/noyer\\\/\"]}]},{\"@type\":\"ImageObject\",\"inLanguage\":\"fr-FR\",\"@id\":\"https:\\\/\\\/www.lahunelle.be\\\/blog\\\/catalogue\\\/noyer\\\/#primaryimage\",\"url\":\"https:\\\/\\\/www.lahunelle.be\\\/blog\\\/wp-content\\\/uploads\\\/2025\\\/01\\\/semis-rotated.jpg\",\"contentUrl\":\"https:\\\/\\\/www.lahunelle.be\\\/blog\\\/wp-content\\\/uploads\\\/2025\\\/01\\\/semis-rotated.jpg\",\"width\":600,\"height\":600},{\"@type\":\"BreadcrumbList\",\"@id\":\"https:\\\/\\\/www.lahunelle.be\\\/blog\\\/catalogue\\\/noyer\\\/#breadcrumb\",\"itemListElement\":[{\"@type\":\"ListItem\",\"position\":1,\"name\":\"Accueil\",\"item\":\"https:\\\/\\\/www.lahunelle.be\\\/blog\\\/\"},{\"@type\":\"ListItem\",\"position\":2,\"name\":\"Notre boutique\",\"item\":\"https:\\\/\\\/www.lahunelle.be\\\/blog\\\/catalogue\\\/\"},{\"@type\":\"ListItem\",\"position\":3,\"name\":\"Noyer\"}]},{\"@type\":\"WebSite\",\"@id\":\"https:\\\/\\\/www.lahunelle.be\\\/blog\\\/#website\",\"url\":\"https:\\\/\\\/www.lahunelle.be\\\/blog\\\/\",\"name\":\"P\u00e9pini\u00e8res de la Hunelle\",\"description\":\"\",\"publisher\":{\"@id\":\"https:\\\/\\\/www.lahunelle.be\\\/blog\\\/#organization\"},\"potentialAction\":[{\"@type\":\"SearchAction\",\"target\":{\"@type\":\"EntryPoint\",\"urlTemplate\":\"https:\\\/\\\/www.lahunelle.be\\\/blog\\\/?s={search_term_string}\"},\"query-input\":{\"@type\":\"PropertyValueSpecification\",\"valueRequired\":true,\"valueName\":\"search_term_string\"}}],\"inLanguage\":\"fr-FR\"},{\"@type\":\"Organization\",\"@id\":\"https:\\\/\\\/www.lahunelle.be\\\/blog\\\/#organization\",\"name\":\"P\u00e9pini\u00e8res de la Hunelle\",\"url\":\"https:\\\/\\\/www.lahunelle.be\\\/blog\\\/\",\"logo\":{\"@type\":\"ImageObject\",\"inLanguage\":\"fr-FR\",\"@id\":\"https:\\\/\\\/www.lahunelle.be\\\/blog\\\/#\\\/schema\\\/logo\\\/image\\\/\",\"url\":\"https:\\\/\\\/www.lahunelle.be\\\/blog\\\/wp-content\\\/uploads\\\/2025\\\/07\\\/cropped-301136954_474459848024201_7287258234809584263_n.jpg\",\"contentUrl\":\"https:\\\/\\\/www.lahunelle.be\\\/blog\\\/wp-content\\\/uploads\\\/2025\\\/07\\\/cropped-301136954_474459848024201_7287258234809584263_n.jpg\",\"width\":617,\"height\":621,\"caption\":\"P\u00e9pini\u00e8res de la Hunelle\"},\"image\":{\"@id\":\"https:\\\/\\\/www.lahunelle.be\\\/blog\\\/#\\\/schema\\\/logo\\\/image\\\/\"},\"sameAs\":[\"https:\\\/\\\/www.facebook.com\\\/pepinieresdelahunelle\",\"https:\\\/\\\/www.instagram.com\\\/pepinieresdelahunelle\\\/\"]}]}<\/script>\n<!-- \/ Yoast SEO plugin. -->","yoast_head_json":{"title":"Noyer -","robots":{"index":"index","follow":"follow","max-snippet":"max-snippet:-1","max-image-preview":"max-image-preview:large","max-video-preview":"max-video-preview:-1"},"canonical":"https:\/\/www.lahunelle.be\/blog\/catalogue\/noyer\/","og_locale":"fr_FR","og_type":"article","og_title":"Noyer -","og_description":"Noyer Les noyers sont vendus en racines nues. 150 &#8211; 200 cm 33 \u20ac 200 &#8211; 250 cm 50 \u20ac Les vari\u00e9t\u00e9s : Noyer de semis Noyer de semis Les noyers sont des arbres \u00e0 croissance rapide pouvant atteindre 20 \u00e0 25 m. Les fruits sont m\u00fbrs \u00e0 l&rsquo;automne.","og_url":"https:\/\/www.lahunelle.be\/blog\/catalogue\/noyer\/","article_publisher":"https:\/\/www.facebook.com\/pepinieresdelahunelle","article_modified_time":"2025-08-19T14:38:09+00:00","og_image":[{"width":600,"height":600,"url":"https:\/\/www.lahunelle.be\/blog\/wp-content\/uploads\/2025\/01\/semis-rotated.jpg","type":"image\/jpeg"}],"twitter_card":"summary_large_image","twitter_misc":{"Dur\u00e9e de lecture estim\u00e9e":"1 minute"},"schema":{"@context":"https:\/\/schema.org","@graph":[{"@type":"WebPage","@id":"https:\/\/www.lahunelle.be\/blog\/catalogue\/noyer\/","url":"https:\/\/www.lahunelle.be\/blog\/catalogue\/noyer\/","name":"Noyer -","isPartOf":{"@id":"https:\/\/www.lahunelle.be\/blog\/#website"},"primaryImageOfPage":{"@id":"https:\/\/www.lahunelle.be\/blog\/catalogue\/noyer\/#primaryimage"},"image":{"@id":"https:\/\/www.lahunelle.be\/blog\/catalogue\/noyer\/#primaryimage"},"thumbnailUrl":"https:\/\/www.lahunelle.be\/blog\/wp-content\/uploads\/2025\/01\/semis-150x150.jpg","datePublished":"2025-01-21T20:34:33+00:00","dateModified":"2025-08-19T14:38:09+00:00","breadcrumb":{"@id":"https:\/\/www.lahunelle.be\/blog\/catalogue\/noyer\/#breadcrumb"},"inLanguage":"fr-FR","potentialAction":[{"@type":"ReadAction","target":["https:\/\/www.lahunelle.be\/blog\/catalogue\/noyer\/"]}]},{"@type":"ImageObject","inLanguage":"fr-FR","@id":"https:\/\/www.lahunelle.be\/blog\/catalogue\/noyer\/#primaryimage","url":"https:\/\/www.lahunelle.be\/blog\/wp-content\/uploads\/2025\/01\/semis-rotated.jpg","contentUrl":"https:\/\/www.lahunelle.be\/blog\/wp-content\/uploads\/2025\/01\/semis-rotated.jpg","width":600,"height":600},{"@type":"BreadcrumbList","@id":"https:\/\/www.lahunelle.be\/blog\/catalogue\/noyer\/#breadcrumb","itemListElement":[{"@type":"ListItem","position":1,"name":"Accueil","item":"https:\/\/www.lahunelle.be\/blog\/"},{"@type":"ListItem","position":2,"name":"Notre boutique","item":"https:\/\/www.lahunelle.be\/blog\/catalogue\/"},{"@type":"ListItem","position":3,"name":"Noyer"}]},{"@type":"WebSite","@id":"https:\/\/www.lahunelle.be\/blog\/#website","url":"https:\/\/www.lahunelle.be\/blog\/","name":"P\u00e9pini\u00e8res de la Hunelle","description":"","publisher":{"@id":"https:\/\/www.lahunelle.be\/blog\/#organization"},"potentialAction":[{"@type":"SearchAction","target":{"@type":"EntryPoint","urlTemplate":"https:\/\/www.lahunelle.be\/blog\/?s={search_term_string}"},"query-input":{"@type":"PropertyValueSpecification","valueRequired":true,"valueName":"search_term_string"}}],"inLanguage":"fr-FR"},{"@type":"Organization","@id":"https:\/\/www.lahunelle.be\/blog\/#organization","name":"P\u00e9pini\u00e8res de la Hunelle","url":"https:\/\/www.lahunelle.be\/blog\/","logo":{"@type":"ImageObject","inLanguage":"fr-FR","@id":"https:\/\/www.lahunelle.be\/blog\/#\/schema\/logo\/image\/","url":"https:\/\/www.lahunelle.be\/blog\/wp-content\/uploads\/2025\/07\/cropped-301136954_474459848024201_7287258234809584263_n.jpg","contentUrl":"https:\/\/www.lahunelle.be\/blog\/wp-content\/uploads\/2025\/07\/cropped-301136954_474459848024201_7287258234809584263_n.jpg","width":617,"height":621,"caption":"P\u00e9pini\u00e8res de la Hunelle"},"image":{"@id":"https:\/\/www.lahunelle.be\/blog\/#\/schema\/logo\/image\/"},"sameAs":["https:\/\/www.facebook.com\/pepinieresdelahunelle","https:\/\/www.instagram.com\/pepinieresdelahunelle\/"]}]}},"_links":{"self":[{"href":"https:\/\/www.lahunelle.be\/blog\/wp-json\/wp\/v2\/pages\/754","targetHints":{"allow":["GET"]}}],"collection":[{"href":"https:\/\/www.lahunelle.be\/blog\/wp-json\/wp\/v2\/pages"}],"about":[{"href":"https:\/\/www.lahunelle.be\/blog\/wp-json\/wp\/v2\/types\/page"}],"author":[{"embeddable":true,"href":"https:\/\/www.lahunelle.be\/blog\/wp-json\/wp\/v2\/users\/2"}],"replies":[{"embeddable":true,"href":"https:\/\/www.lahunelle.be\/blog\/wp-json\/wp\/v2\/comments?post=754"}],"version-history":[{"count":4,"href":"https:\/\/www.lahunelle.be\/blog\/wp-json\/wp\/v2\/pages\/754\/revisions"}],"predecessor-version":[{"id":1307,"href":"https:\/\/www.lahunelle.be\/blog\/wp-json\/wp\/v2\/pages\/754\/revisions\/1307"}],"up":[{"embeddable":true,"href":"https:\/\/www.lahunelle.be\/blog\/wp-json\/wp\/v2\/pages\/64"}],"wp:attachment":[{"href":"https:\/\/www.lahunelle.be\/blog\/wp-json\/wp\/v2\/media?parent=754"}],"curies":[{"name":"wp","href":"https:\/\/api.w.org\/{rel}","templated":true}]}}